{"id":716,"date":"2024-09-27T11:43:35","date_gmt":"2024-09-27T09:43:35","guid":{"rendered":"https:\/\/nochef.org\/aviso-legal\/"},"modified":"2024-10-04T10:36:32","modified_gmt":"2024-10-04T08:36:32","slug":"avis-legal","status":"publish","type":"page","link":"https:\/\/nochef.org\/ca\/avis-legal\/","title":{"rendered":"Av\u00eds Legal"},"content":{"rendered":"<h2>1. Informaci\u00f3 general<\/h2>\n<p>Aquest lloc web (nochef.org) \u00e9s propietat de l&#8217;entitat mercantil denominada ANIMIVIS, S.L. amb CIF B55296180 i domicili a Barcelona, C\/ Santander, 49-51 (08020).<\/p>\n<p>L&#8217;\u00fas del lloc Web es regeix per les normes establertes en el present av\u00eds legal, aix\u00ed com per al previst en la Pol\u00edtica de Protecci\u00f3 de dades i Privacitat contingudes i publicades tamb\u00e9 en la web present. La utilitzaci\u00f3 d&#8217;aquest, implica que vost\u00e8 accepta expressament aquestes condiciones. Pots contactar amb el CIB en la direcci\u00f3 postal indicada pr\u00e8viament o a trav\u00e9s de l&#8217;adre\u00e7a de correu electr\u00f2nic <a href=\"mailto:hola@cib.education\">hola@cib.education<\/a>.<\/p>\n<h2>2. Objecte<\/h2>\n<p>Aquest lloc web (nochef.org) \u00e9s propietat de Culinary Institute of Barcelona S.L. (En endavant, CIB), i ha estat creat i dissenyat per donar a con\u00e8ixer i permetre l&#8217;acc\u00e9s general de tots els usuaris d&#8217;Internet a la informaci\u00f3, activitats, productes i serveis diversos, propis o de tercers, oferts per aquesta empresa.<\/p>\n<h2>3. Acc\u00e9s al web<\/h2>\n<p>L&#8217;usuari pot accedir de forma gratu\u00efta i lliure a la p\u00e0gina web, a excepci\u00f3 del cost de la connexi\u00f3 a trav\u00e9s de la xarxa de telecomunicacions subministrada pel prove\u00efdor d&#8217;acc\u00e9s a Internet (ISP) contractada pel seu compte.<\/p>\n<h2>4. \u00das del lloc web<\/h2>\n<p>La utilitzaci\u00f3 del lloc web per part de qualsevol persona atribueix la condici\u00f3 d&#8217;usuari, el qual accepta que l&#8217;\u00fas que en fa \u00e9s sota la seva exclusiva responsabilitat.<\/p>\n<p>L&#8217;usuari es compromet a no utilitzar la informaci\u00f3, activitats, productes o serveis que CIB posa a la seva disposici\u00f3 per desenvolupar activitats contr\u00e0ries a les lleis, a la moral o a l&#8217;ordre p\u00fablic i, en general, a fer de tot aix\u00f2 un \u00fas conforme a les presents condicions generals.<\/p>\n<p>L&#8217;usuari s&#8217;abstindr\u00e0 d&#8217;obtenir, o d&#8217;intentar obtenir, els continguts per mitjans o procediments diferents dels que en cada cas s&#8217;hagin posat a la seva disposici\u00f3 o s&#8217;hagin indicat a aquest efecte.<\/p>\n<h2>5. Propietat industrial i intel\u00b7lectual<\/h2>\n<p>Aquest lloc web inclou o pot incloure continguts, textos, material publicitari, dibuixos, estudis, articles, material t\u00e8cnic de producte o de qualsevol altre ordre, distintius corporatius, signes distintius, marques, dissenys gr\u00e0fics, combinacions d&#8217;elements, logotips i imatges que estan protegits per drets de propietat intel\u00b7lectual o industrial dels quals CIB n&#8217;\u00e9s titular o leg\u00edtim llicenciatari.<\/p>\n<p>En aquest sentit, queda completament prohibida la reproducci\u00f3 total o parcial, comunicaci\u00f3 p\u00fablica, modificaci\u00f3, transformaci\u00f3, c\u00f2pia, distribuci\u00f3 o qualsevol altra forma d&#8217;explotaci\u00f3 i manipulaci\u00f3 d&#8217;aquest web, dels seus dispositius t\u00e8cnics, continguts, aplicacions, codi font, disseny, selecci\u00f3 i forma de presentaci\u00f3 dels materials i, en general, de la informaci\u00f3 continguda en aquest lloc web.<\/p>\n<p>Aix\u00ed mateix, queda prohibit descompondre, realitzar enginyeria inversa o, en general, transmetre de qualsevol forma o realitzar obres derivades dels programes necessaris per al funcionament i acc\u00e9s d&#8217;aquest web i dels serveis aqu\u00ed continguts, aix\u00ed com realitzar qualsevol acte d&#8217;explotaci\u00f3.<\/p>\n<h2>6. Responsabilitat<\/h2>\n<h3><strong>6.1. Acc\u00e9s al lloc web<\/strong><\/h3>\n<p>CIB no es responsabilitza dels danys o perjudicis de qualsevol tipus produ\u00efts en l&#8217;usuari que estiguin causats per errors o desconnexions a les xarxes de telecomunicacions que produeixin la suspensi\u00f3, cancel\u00b7laci\u00f3 o interrupci\u00f3 del servei del lloc web.<\/p>\n<h3><strong>6.2. Protecci\u00f3 de dades personals<\/strong><\/h3>\n<p>La visita del lloc web no suposa que l&#8217;usuari estigui obligat a facilitar cap informaci\u00f3 sobre si mateix.<\/p>\n<p>En el cas de complimentar el formulari d&#8217;acc\u00e9s, vost\u00e8 com usuari proporciona alguna informaci\u00f3 de car\u00e0cter personal, hi haur\u00e0 de consentir expressament el tractament que ANIMIVIS, S.L fa de les seves dades, la qual est\u00e0 recollida i sempre actualitzada a l&#8217;apartat de la pol\u00edtica de protecci\u00f3 de dades de ANIMIVIS, S.L, aquest consentiment \u00e9s requisit indispensable per a poder continuar amb el registre, conforme s&#8217;estableix per la normativa de protecci\u00f3 de dades.<\/p>\n<p>Les dades recollies en el lloc Web seran utilitzades amb la finalitat, en la forma i amb les limitacions i drets que recull el Reglament (UE) 2016\/679 del Parlament Europeu i del Consell, del 27 d&#8217;abril de 2016, relatiu a la protecci\u00f3 de les persones f\u00edsiques en el que respecta el tractament de dades personals i de lliure circulaci\u00f3 d&#8217;aquestes dades i que deroga la Directiva 95\/46\/CE (Reglament General de Protecci\u00f3 de Dades o RGPD), i conforma s&#8217;explica i detalla en la pol\u00edtica de protecci\u00f3 de dades de car\u00e0cter personal de ANIMIVIS, S.L. que pot consultar en el seg\u00fcent enlla\u00e7 https:\/\/nochef.org\/ca\/politica-de-privacitat i que sempre podr\u00e0 trobar actualitzada.<\/p>\n<h3><strong>6.3. Dels continguts<\/strong><\/h3>\n<p>CIB no es responsabilitza de les decisions preses a partir de la informaci\u00f3 subministrada al lloc web ni dels danys i perjudicis produ\u00efts en l&#8217;usuari o tercers amb motiu d&#8217;actuacions que tinguin com a \u00fanic fonament la informaci\u00f3 obtinguda a trav\u00e9s del lloc web.<\/p>\n<h3><strong>6.4. Dels enlla\u00e7os<\/strong><\/h3>\n<p>El servei d&#8217;acc\u00e9s al web inclou o pot incloure dispositius t\u00e8cnics d&#8217;enlla\u00e7 que permeten a l&#8217;usuari accedir a altres p\u00e0gines i portals d&#8217;Internet. En aquests casos, CIB actua com a prestador de serveis d&#8217;intermediaci\u00f3, de conformitat amb l&#8217;article 17 de la Llei 32\/2002, de 12 de juliol, de Serveis de la Societat de la Informaci\u00f3 i el Comer\u00e7 Electr\u00f2nic (LSSI).<\/p>\n<h3><strong>6.5. Menos de 18 anys<\/strong><\/h3>\n<p>El CIB no permet el registre de persones menors de 18 anys. Si ets major de 18 anys, per favor, no intentis registrar-te en el lloc web.<\/p>\n<p>Cap menor de 18 anys pot proporcionar informaci\u00f3 personal en el lloc Web, en el suposat que es detect\u00e9s un registre per part d&#8217;un usuari menor de 18 anys, es procedir\u00e0 a la seva cancel\u00b7laci\u00f3 i esborrar la seva informaci\u00f3 al m\u00e9s aviat possible.<\/p>\n","protected":false},"excerpt":{"rendered":"<p>1. Informaci\u00f3 general Aquest lloc web (nochef.org) \u00e9s propietat de l&#8217;entitat mercantil denominada ANIMIVIS, S.L. amb CIF B55296180 i domicili a Barcelona, C\/ Santander, 49-51 (08020). L&#8217;\u00fas del lloc Web es regeix per les normes establertes en el present av\u00eds legal, aix\u00ed com per al previst en la Pol\u00edtica de Protecci\u00f3 de dades i Privacitat [&hellip;]<\/p>\n","protected":false},"author":1,"featured_media":0,"parent":0,"menu_order":0,"comment_status":"closed","ping_status":"closed","template":"","meta":{"_acf_changed":false,"footnotes":""},"class_list":["post-716","page","type-page","status-publish","hentry"],"acf":[],"yoast_head":"<!-- This site is optimized with the Yoast SEO plugin v27.0 - https:\/\/yoast.com\/product\/yoast-seo-wordpress\/ -->\n<title>Av\u00eds Legal &#8212; NOChef - CIB<\/title>\n<meta name=\"robots\" content=\"noindex, nofollow\" \/>\n<meta property=\"og:locale\" content=\"ca_ES\" \/>\n<meta property=\"og:type\" content=\"article\" \/>\n<meta property=\"og:title\" content=\"Av\u00eds Legal &#8212; NOChef - CIB\" \/>\n<meta property=\"og:description\" content=\"1. Informaci\u00f3 general Aquest lloc web (nochef.org) \u00e9s propietat de l&#8217;entitat mercantil denominada ANIMIVIS, S.L. amb CIF B55296180 i domicili a Barcelona, C\/ Santander, 49-51 (08020). L&#8217;\u00fas del lloc Web es regeix per les normes establertes en el present av\u00eds legal, aix\u00ed com per al previst en la Pol\u00edtica de Protecci\u00f3 de dades i Privacitat [&hellip;]\" \/>\n<meta property=\"og:url\" content=\"https:\/\/nochef.org\/ca\/avis-legal\/\" \/>\n<meta property=\"og:site_name\" content=\"NOChef - CIB\" \/>\n<meta property=\"article:publisher\" content=\"https:\/\/www.facebook.com\/culinaryinstitutebarcelona\/\" \/>\n<meta property=\"article:modified_time\" content=\"2024-10-04T08:36:32+00:00\" \/>\n<meta property=\"og:image\" content=\"https:\/\/nochef.org\/custom\/uploads\/2024\/10\/og-img_nochef.jpg\" \/>\n\t<meta property=\"og:image:width\" content=\"1200\" \/>\n\t<meta property=\"og:image:height\" content=\"675\" \/>\n\t<meta property=\"og:image:type\" content=\"image\/jpeg\" \/>\n<meta name=\"twitter:card\" content=\"summary_large_image\" \/>\n<meta name=\"twitter:label1\" content=\"Est. reading time\" \/>\n\t<meta name=\"twitter:data1\" content=\"5 minutes\" \/>\n<script type=\"application\/ld+json\" class=\"yoast-schema-graph\">{\"@context\":\"https:\/\/schema.org\",\"@graph\":[{\"@type\":\"WebPage\",\"@id\":\"https:\/\/nochef.org\/ca\/avis-legal\/\",\"url\":\"https:\/\/nochef.org\/ca\/avis-legal\/\",\"name\":\"Av\u00eds Legal &#8212; NOChef - CIB\",\"isPartOf\":{\"@id\":\"https:\/\/nochef.org\/#website\"},\"datePublished\":\"2024-09-27T09:43:35+00:00\",\"dateModified\":\"2024-10-04T08:36:32+00:00\",\"breadcrumb\":{\"@id\":\"https:\/\/nochef.org\/ca\/avis-legal\/#breadcrumb\"},\"inLanguage\":\"ca\",\"potentialAction\":[{\"@type\":\"ReadAction\",\"target\":[\"https:\/\/nochef.org\/ca\/avis-legal\/\"]}]},{\"@type\":\"BreadcrumbList\",\"@id\":\"https:\/\/nochef.org\/ca\/avis-legal\/#breadcrumb\",\"itemListElement\":[{\"@type\":\"ListItem\",\"position\":1,\"name\":\"Portada\",\"item\":\"https:\/\/www.nochef.org\/ca\/\"},{\"@type\":\"ListItem\",\"position\":2,\"name\":\"Av\u00eds Legal\"}]},{\"@type\":\"WebSite\",\"@id\":\"https:\/\/nochef.org\/#website\",\"url\":\"https:\/\/nochef.org\/\",\"name\":\"NO CHEF\",\"description\":\"\",\"publisher\":{\"@id\":\"https:\/\/nochef.org\/#organization\"},\"alternateName\":\"NOCHEF - Culinary Institute of Barcelona\",\"potentialAction\":[{\"@type\":\"SearchAction\",\"target\":{\"@type\":\"EntryPoint\",\"urlTemplate\":\"https:\/\/nochef.org\/?s={search_term_string}\"},\"query-input\":{\"@type\":\"PropertyValueSpecification\",\"valueRequired\":true,\"valueName\":\"search_term_string\"}}],\"inLanguage\":\"ca\"},{\"@type\":\"Organization\",\"@id\":\"https:\/\/nochef.org\/#organization\",\"name\":\"ANIMIVIS S.L.\",\"alternateName\":\"ANIMIVIS S.L.\",\"url\":\"https:\/\/nochef.org\/\",\"logo\":{\"@type\":\"ImageObject\",\"inLanguage\":\"ca\",\"@id\":\"https:\/\/nochef.org\/#\/schema\/logo\/image\/\",\"url\":\"https:\/\/nochef.org\/custom\/uploads\/2024\/09\/CIB_logo_black_horizontal.png\",\"contentUrl\":\"https:\/\/nochef.org\/custom\/uploads\/2024\/09\/CIB_logo_black_horizontal.png\",\"width\":4884,\"height\":959,\"caption\":\"ANIMIVIS S.L.\"},\"image\":{\"@id\":\"https:\/\/nochef.org\/#\/schema\/logo\/image\/\"},\"sameAs\":[\"https:\/\/www.facebook.com\/culinaryinstitutebarcelona\/\",\"https:\/\/www.instagram.com\/culinaryinstitutebarcelona\/\",\"https:\/\/www.linkedin.com\/school\/culinaryinstituteofbarcelona\/mycompany\/\",\"https:\/\/www.youtube.com\/channel\/UCVcHaWf_gl5OJt4gZ8-Q6fQ\"]}]}<\/script>\n<!-- \/ Yoast SEO plugin. -->","yoast_head_json":{"title":"Av\u00eds Legal &#8212; NOChef - CIB","robots":{"index":"noindex","follow":"nofollow"},"og_locale":"ca_ES","og_type":"article","og_title":"Av\u00eds Legal &#8212; NOChef - CIB","og_description":"1. Informaci\u00f3 general Aquest lloc web (nochef.org) \u00e9s propietat de l&#8217;entitat mercantil denominada ANIMIVIS, S.L. amb CIF B55296180 i domicili a Barcelona, C\/ Santander, 49-51 (08020). L&#8217;\u00fas del lloc Web es regeix per les normes establertes en el present av\u00eds legal, aix\u00ed com per al previst en la Pol\u00edtica de Protecci\u00f3 de dades i Privacitat [&hellip;]","og_url":"https:\/\/nochef.org\/ca\/avis-legal\/","og_site_name":"NOChef - CIB","article_publisher":"https:\/\/www.facebook.com\/culinaryinstitutebarcelona\/","article_modified_time":"2024-10-04T08:36:32+00:00","og_image":[{"width":1200,"height":675,"url":"https:\/\/nochef.org\/custom\/uploads\/2024\/10\/og-img_nochef.jpg","type":"image\/jpeg"}],"twitter_card":"summary_large_image","twitter_misc":{"Est. reading time":"5 minutes"},"schema":{"@context":"https:\/\/schema.org","@graph":[{"@type":"WebPage","@id":"https:\/\/nochef.org\/ca\/avis-legal\/","url":"https:\/\/nochef.org\/ca\/avis-legal\/","name":"Av\u00eds Legal &#8212; NOChef - CIB","isPartOf":{"@id":"https:\/\/nochef.org\/#website"},"datePublished":"2024-09-27T09:43:35+00:00","dateModified":"2024-10-04T08:36:32+00:00","breadcrumb":{"@id":"https:\/\/nochef.org\/ca\/avis-legal\/#breadcrumb"},"inLanguage":"ca","potentialAction":[{"@type":"ReadAction","target":["https:\/\/nochef.org\/ca\/avis-legal\/"]}]},{"@type":"BreadcrumbList","@id":"https:\/\/nochef.org\/ca\/avis-legal\/#breadcrumb","itemListElement":[{"@type":"ListItem","position":1,"name":"Portada","item":"https:\/\/www.nochef.org\/ca\/"},{"@type":"ListItem","position":2,"name":"Av\u00eds Legal"}]},{"@type":"WebSite","@id":"https:\/\/nochef.org\/#website","url":"https:\/\/nochef.org\/","name":"NO CHEF","description":"","publisher":{"@id":"https:\/\/nochef.org\/#organization"},"alternateName":"NOCHEF - Culinary Institute of Barcelona","potentialAction":[{"@type":"SearchAction","target":{"@type":"EntryPoint","urlTemplate":"https:\/\/nochef.org\/?s={search_term_string}"},"query-input":{"@type":"PropertyValueSpecification","valueRequired":true,"valueName":"search_term_string"}}],"inLanguage":"ca"},{"@type":"Organization","@id":"https:\/\/nochef.org\/#organization","name":"ANIMIVIS S.L.","alternateName":"ANIMIVIS S.L.","url":"https:\/\/nochef.org\/","logo":{"@type":"ImageObject","inLanguage":"ca","@id":"https:\/\/nochef.org\/#\/schema\/logo\/image\/","url":"https:\/\/nochef.org\/custom\/uploads\/2024\/09\/CIB_logo_black_horizontal.png","contentUrl":"https:\/\/nochef.org\/custom\/uploads\/2024\/09\/CIB_logo_black_horizontal.png","width":4884,"height":959,"caption":"ANIMIVIS S.L."},"image":{"@id":"https:\/\/nochef.org\/#\/schema\/logo\/image\/"},"sameAs":["https:\/\/www.facebook.com\/culinaryinstitutebarcelona\/","https:\/\/www.instagram.com\/culinaryinstitutebarcelona\/","https:\/\/www.linkedin.com\/school\/culinaryinstituteofbarcelona\/mycompany\/","https:\/\/www.youtube.com\/channel\/UCVcHaWf_gl5OJt4gZ8-Q6fQ"]}]}},"_links":{"self":[{"href":"https:\/\/nochef.org\/ca\/wp-json\/wp\/v2\/pages\/716","targetHints":{"allow":["GET"]}}],"collection":[{"href":"https:\/\/nochef.org\/ca\/wp-json\/wp\/v2\/pages"}],"about":[{"href":"https:\/\/nochef.org\/ca\/wp-json\/wp\/v2\/types\/page"}],"author":[{"embeddable":true,"href":"https:\/\/nochef.org\/ca\/wp-json\/wp\/v2\/users\/1"}],"replies":[{"embeddable":true,"href":"https:\/\/nochef.org\/ca\/wp-json\/wp\/v2\/comments?post=716"}],"version-history":[{"count":3,"href":"https:\/\/nochef.org\/ca\/wp-json\/wp\/v2\/pages\/716\/revisions"}],"predecessor-version":[{"id":736,"href":"https:\/\/nochef.org\/ca\/wp-json\/wp\/v2\/pages\/716\/revisions\/736"}],"wp:attachment":[{"href":"https:\/\/nochef.org\/ca\/wp-json\/wp\/v2\/media?parent=716"}],"curies":[{"name":"wp","href":"https:\/\/api.w.org\/{rel}","templated":true}]}}