{"id":718,"date":"2024-09-27T11:45:51","date_gmt":"2024-09-27T09:45:51","guid":{"rendered":"https:\/\/nochef.org\/politica-de-cookies\/"},"modified":"2024-10-04T10:36:24","modified_gmt":"2024-10-04T08:36:24","slug":"politica-de-cookies","status":"publish","type":"page","link":"https:\/\/nochef.org\/ca\/politica-de-cookies\/","title":{"rendered":"Pol\u00edtica de cookies"},"content":{"rendered":"<p>Una galeta o cookie \u00e9s un fitxer que es descarrega al dispositiu des del qual vost\u00e8 consulta o vistita la nostra web (ordinador \/ smartphone \/ tablet) i es descarrega en el moment d&#8217;accedir a determinades p\u00e0gines web per a emmagatzemar i recuperar informaci\u00f3 sobre la navegaci\u00f3 que s&#8217;efectua des d&#8217;aquest equip.<\/p>\n<p>Hi ha diferents tipus de &#8220;galetes&#8221; o Cookies:<\/p>\n<ul>\n<li>En funci\u00f3 del propietari de la cookies:\n<ul>\n<li><strong>Cookies pr\u00f2pies<\/strong>: S\u00f3n aquelles que s&#8217;envien a l&#8217;equip terminal de l&#8217;usuari des d&#8217;un equip o domini gestionat pel propi editor i des del qual es presta el servei sol\u00b7licitat per l&#8217;usuari.<\/li>\n<li><strong>Cookies de tercer<\/strong>: S\u00f3n aquelles que s&#8217;envien a l&#8217;equip terminal de l&#8217;usuari des d&#8217;un equip o domini que no \u00e9s gestionat per l&#8217;editor, sin\u00f3 per una altra entitat que tracta les dades obtingudes mitjan\u00e7ant les cookies.<\/li>\n<\/ul>\n<\/li>\n<li>En funci\u00f3 de la durada de la galeta:\n<ul>\n<li><strong>Galetes de sessi\u00f3<\/strong>: S\u00f3n un tipus de galetes dissenyades per a demanar i emmagatzemar dades mentre l&#8217;usuari accedeix a una p\u00e0gina web.<\/li>\n<li><strong>Galetes persistents<\/strong>: S\u00f3n un tipus de galetes en el qual les dades segueixen emmagatzemats en el terminal i poden ser accedits i tractats durant un per\u00edode definit pel responsable de la galeta, i que pot anar d&#8217;uns minuts a diversos anys.<\/li>\n<\/ul>\n<\/li>\n<li>En funci\u00f3 de la finalitat de la galeta:\n<ul>\n<li><strong>Galetes d&#8217;an\u00e0lisi:<\/strong>: S\u00f3n aquelles que ben tractades per nosaltres o per tercers, ens permeten quantificar el nombre d&#8217;usuaris i aix\u00ed realitzar el mesurament i an\u00e0lisi estad\u00edstica de la utilitzaci\u00f3 que fan els usuaris del servei ofert. Per aix\u00f2 s&#8217;analitza la seva navegaci\u00f3 a la nostra p\u00e0gina web per tal de millorar l&#8217;oferta de productes o serveis que li oferim.<\/li>\n<li><strong>Galetes publicit\u00e0ries<\/strong>: S\u00f3n aquelles que permeten la gesti\u00f3, de la forma m\u00e9s efica\u00e7 possible, dels espais publicitaris que, si escau, l&#8217;editor hagi incl\u00f2s en una p\u00e0gina web, aplicaci\u00f3 o plataforma des de la qual presta el servei sol\u00b7licitat en base a criteris com el contingut editat o la freq\u00fc\u00e8ncia en qu\u00e8 es mostren els anuncis.<\/li>\n<li><strong>Cookies de publicitat comportamental<\/strong>: S\u00f3n aquelles que permeten la gesti\u00f3, de la forma m\u00e9s efica\u00e7 possible, dels espais publicitaris que, si escau, l&#8217;editor hagi incl\u00f2s en una p\u00e0gina web, aplicaci\u00f3 o plataforma des de la qual presta el servei sol\u00b7licitat. Aquestes galetes emmagatzemen informaci\u00f3 del comportament dels usuaris obtinguda a trav\u00e9s de l&#8217;observaci\u00f3 continuada dels seus h\u00e0bits de navegaci\u00f3, el que permet desenvolupar un perfil espec\u00edfic per a mostrar publicitat en funci\u00f3 del mateix.<br \/>\nAix\u00ed mateix \u00e9s possible que en visitar alguna p\u00e0gina web o al obrir algun email on es publiqui algun anunci o alguna promoci\u00f3 sobre els nostres productes o serveis s&#8217;instal\u00b7li al navegador alguna galeta que ens serveix per mostrar posteriorment publicitat relacionada amb la recerca que hagis realitzat, desenvolupar un control dels nostres anuncis en relaci\u00f3, per exemple, amb el nombre de vegades que s\u00f3n vistos, on apareixen, a quina hora es veuen, etc.<\/li>\n<li><strong>Galetes t\u00e8cniques<\/strong>: S\u00f3n aquelles que permeten a l&#8217;usuari la navegaci\u00f3 a trav\u00e9s d&#8217;una p\u00e0gina web, plataforma o aplicaci\u00f3 i la utilitzaci\u00f3 de les diferents opcions o serveis que en ella hi hagi com, per exemple, controlar el tr\u00e0nsit i la comunicaci\u00f3 de dades, identificar la sessi\u00f3, accedir a parts d&#8217;acc\u00e9s restringit, recordar els elements que integren una comanda, realitzar el proc\u00e9s de compra d&#8217;una comanda, realitzar la sol\u00b7licitud d&#8217;inscripci\u00f3 o participaci\u00f3 en un esdeveniment, utilitzar elements de seguretat durant la navegaci\u00f3, emmagatzemar continguts per a la difusi\u00f3 de v\u00eddeos o so o compartir continguts a trav\u00e9s de xarxes socials.<\/li>\n<li><strong>Galetes de personalitzaci\u00f3<\/strong>: \u00f3n aquelles que permeten a l&#8217;usuari accedir al servei amb algunes caracter\u00edstiques de car\u00e0cter general predefinides en funci\u00f3 d&#8217;una s\u00e8rie de criteris en el terminal de l&#8217;usuari com ara serien l&#8217;idioma, el tipus de navegador mitjan\u00e7ant el qual accedeix al servei , la configuraci\u00f3 regional des d&#8217;on s&#8217;accedeix al servei, etc.<\/li>\n<\/ul>\n<\/li>\n<\/ul>\n<p>CIB utilitza en aquest lloc web les galetes seg\u00fcents que es detallen en el quadre seg\u00fcent:<\/p>\n<ul>\n<li>Galetes estrictament necess\u00e0ries per a la prestaci\u00f3 de determinats serveis sol\u00b7licitats expressament per l&#8217;usuari: si es desactiven aquestes galetes podr\u00edeu no ser rebre correctament els nostres continguts i serveis<\/li>\n<li>Galetes anal\u00edtiques (per al seguiment i an\u00e0lisi estad\u00edstica del comportament del conjunt dels usuaris), publicit\u00e0ries (per a la gesti\u00f3 dels espais publicitaris en base a criteris com la freq\u00fc\u00e8ncia en qu\u00e8 es mostren els anuncis) i comportamentals (per a la gesti\u00f3 dels espais publicitaris segons el perfil espec\u00edfic de l&#8217;usuari): si es desactiven aquestes galetes, el lloc web podr\u00e0 seguir funcionant sense perjudici que la informaci\u00f3 captada per aquestes cookies sobre l&#8217;\u00fas de la nostra web i sobre l&#8217;\u00e8xit dels anuncis mostrats en ella permet millorar els nostres serveis i obtenir ingressos que ens permeten oferir-li de forma gratu\u00efta molts continguts.<\/li>\n<\/ul>\n<p>&nbsp;<\/p>\n<h2><strong>Cookies pr\u00f2pies:<\/strong><\/h2>\n<div class=\"module-table2\">\n<table>\n<tbody>\n<tr>\n<th>Cookie<\/th>\n<th>Tipus de valor<\/th>\n<th>Finalitat<\/th>\n<\/tr>\n<tr>\n<td><strong>cib_cookies<\/strong><\/td>\n<td>text<\/td>\n<td>Aquesta galeta es genera amb la finalitat de mostrar a l&#8217;usuari l&#8217;av\u00eds sobre pol\u00edtica de cookies nom\u00e9s el primer cop que s&#8217;inicia la sessi\u00f3.<\/td>\n<\/tr>\n<\/tbody>\n<\/table>\n<p>&nbsp;<\/p>\n<\/div>\n<h2><strong>Galetes de tercers:<\/strong><\/h2>\n<p>L&#8217;informaci\u00f3 ha sigut proporcionada per tercers<\/p>\n<div class=\"module-table2\">\n<table>\n<tbody>\n<tr>\n<th>Cookie<\/th>\n<th>Caducitat<\/th>\n<th>Finalitat<\/th>\n<\/tr>\n<tr>\n<td><strong>__ga<\/strong><\/td>\n<td>Dos anys<\/td>\n<td>Aquesta galeta s&#8217;utilitza per a distingir a usuaris \u00fanics mitjan\u00e7ant l&#8217;assignaci\u00f3 d&#8217;un nombre generat aleat\u00f2riament com un identificador de client. S&#8217;inclou en cada sol\u00b7licitud de p\u00e0gina en un lloc i s&#8217;utilitza per calcular el volum de visitants, sessions i dades per als informes d&#8217;an\u00e0lisi de la web.<\/td>\n<\/tr>\n<tr>\n<td><strong>__utma<\/strong><\/td>\n<td>Dos anys<\/td>\n<td>Es fa servir per distingir usuaris i sessions. La galeta es crea quan s&#8217;executa la biblioteca JavaScript i no hi ha cap galeta __utma. La galeta s&#8217;actualitza cada vegada que s&#8217;envien dades a Google Analytics.<\/td>\n<\/tr>\n<tr>\n<td><strong>__utmb<\/strong><\/td>\n<td>30 minuts<\/td>\n<td>Es fa servir per determinar noves sessions o visites. La galeta es crea quan s&#8217;executa la biblioteca JavaScript i no hi ha cap galeta __utmb. La galeta s&#8217;actualitza cada vegada que s&#8217;envien dades a Google Analytics.<\/td>\n<\/tr>\n<tr>\n<td><strong>__utmc<\/strong><\/td>\n<td>Fin de la sesi\u00f3 de navegador<\/td>\n<td>No s&#8217;usa en ga.js. Es configura per interactuar amb urchin.js. Anteriorment, aquesta galeta actuava juntament amb la galeta __utmb per determinar si l&#8217;usuari estava en una nova sessi\u00f3 o visita.<\/td>\n<\/tr>\n<tr>\n<td><strong>__utmz<\/strong><\/td>\n<td>Sis mesos<\/td>\n<td>Emmagatzema la font de tr\u00e0nsit o la campanya que explica com ha arribat l&#8217;usuari al lloc. La galeta es crea quan s&#8217;executa la biblioteca JavaScript i s&#8217;actualitza cada vegada que s&#8217;envien dades a Google Analytics.<\/td>\n<\/tr>\n<tr>\n<td><strong>__utmv<\/strong><\/td>\n<td>Dos anys<\/td>\n<td>Es fa servir per emmagatzemar dades de variables personalitzades de visitant. Aquesta galeta es crea quan un programador fa servir el m\u00e8tode _setCustomVar amb una variable personalitzada de visitant. Tamb\u00e9 es feia servir per al m\u00e8tode _setVar retirat. La galeta s&#8217;actualitza cada vegada que s&#8217;envien dades a Google Analytics.<\/td>\n<\/tr>\n<\/tbody>\n<\/table>\n<\/div>\n<p>La informaci\u00f3 obtinguda a trav\u00e9s d&#8217;aquestes cookies, referida a l&#8217;equip de l&#8217;usuari, podr\u00e0 ser combinada amb les seves dades personals nom\u00e9s si Un. Est\u00e0 registrat en aquest lloc web<\/p>\n<p>&nbsp;<\/p>\n<h2>Desactivaci\u00f3 de cookies<\/h2>\n<p>L&#8217;usuari podr\u00e0, en qualsevol moment, triar quines cookies vol que funcionin en aquest lloc web mitjan\u00e7ant la configuraci\u00f3 del navegador; per exemple:<\/p>\n<ul>\n<li>Chrome, des d&#8217;\u00a0<a href=\"http:\/\/support.google.com\/chrome\/bin\/answer.py?hl=es&amp;answer=95647\" target=\"_blank\" rel=\"noopener\">aqu\u00ed<\/a>.<\/li>\n<li>Explorer, des d&#8217;\u00a0<a href=\"http:\/\/windows.microsoft.com\/es-es\/windows7\/how-to-manage-cookies-in-internet-explorer-9\" target=\"_blank\" rel=\"noopener\">aqu\u00ed<\/a>.<\/li>\n<li>Firefox, des d&#8217;\u00a0<a href=\"http:\/\/support.mozilla.org\/es\/kb\/habilitar-y-deshabilitar-cookies-sitios-web-rastrear-preferencias\" target=\"_blank\" rel=\"noopener\">aqu\u00ed<\/a>.<\/li>\n<li>Safari, des d&#8217;\u00a0<a href=\"http:\/\/support.apple.com\/kb\/ph5042\" target=\"_blank\" rel=\"noopener\">aqu\u00ed<\/a>.<\/li>\n<\/ul>\n<p>CIB no es fa responsable del contingut i veracitat de les pol\u00edtiques de privacitat dels tercers incloses en aquesta pol\u00edtica de galetes.<\/p>\n<p>Si t\u00e9 dubtes sobre aquesta pol\u00edtica de cookies, pot contactar amb el CIB mitjan\u00e7ant comunicaci\u00f3 adre\u00e7ada al responsable del fitxer, per correu postal a les nostres oficines situades a Barcelona, carrer Santander n\u00ba 49-51 o email a\u00a0<a href=\"mailto:lopd@cib.education\">lopd@cib.education<\/a><\/p>\n","protected":false},"excerpt":{"rendered":"<p>Una galeta o cookie \u00e9s un fitxer que es descarrega al dispositiu des del qual vost\u00e8 consulta o vistita la nostra web (ordinador \/ smartphone \/ tablet) i es descarrega en el moment d&#8217;accedir a determinades p\u00e0gines web per a emmagatzemar i recuperar informaci\u00f3 sobre la navegaci\u00f3 que s&#8217;efectua des d&#8217;aquest equip. Hi ha diferents [&hellip;]<\/p>\n","protected":false},"author":1,"featured_media":0,"parent":0,"menu_order":0,"comment_status":"closed","ping_status":"closed","template":"","meta":{"_acf_changed":false,"footnotes":""},"class_list":["post-718","page","type-page","status-publish","hentry"],"acf":[],"yoast_head":"<!-- This site is optimized with the Yoast SEO plugin v27.0 - https:\/\/yoast.com\/product\/yoast-seo-wordpress\/ -->\n<title>Pol\u00edtica de cookies &#8212; NOChef - CIB<\/title>\n<meta name=\"robots\" content=\"noindex, nofollow\" \/>\n<meta property=\"og:locale\" content=\"ca_ES\" \/>\n<meta property=\"og:type\" content=\"article\" \/>\n<meta property=\"og:title\" content=\"Pol\u00edtica de cookies &#8212; NOChef - CIB\" \/>\n<meta property=\"og:description\" content=\"Una galeta o cookie \u00e9s un fitxer que es descarrega al dispositiu des del qual vost\u00e8 consulta o vistita la nostra web (ordinador \/ smartphone \/ tablet) i es descarrega en el moment d&#8217;accedir a determinades p\u00e0gines web per a emmagatzemar i recuperar informaci\u00f3 sobre la navegaci\u00f3 que s&#8217;efectua des d&#8217;aquest equip. Hi ha diferents [&hellip;]\" \/>\n<meta property=\"og:url\" content=\"https:\/\/www.nochef.org\/ca\/politica-de-cookies\/\" \/>\n<meta property=\"og:site_name\" content=\"NOChef - CIB\" \/>\n<meta property=\"article:publisher\" content=\"https:\/\/www.facebook.com\/culinaryinstitutebarcelona\/\" \/>\n<meta property=\"article:modified_time\" content=\"2024-10-04T08:36:24+00:00\" \/>\n<meta property=\"og:image\" content=\"https:\/\/nochef.org\/custom\/uploads\/2024\/10\/og-img_nochef.jpg\" \/>\n\t<meta property=\"og:image:width\" content=\"1200\" \/>\n\t<meta property=\"og:image:height\" content=\"675\" \/>\n\t<meta property=\"og:image:type\" content=\"image\/jpeg\" \/>\n<meta name=\"twitter:card\" content=\"summary_large_image\" \/>\n<meta name=\"twitter:label1\" content=\"Est. reading time\" \/>\n\t<meta name=\"twitter:data1\" content=\"6 minutes\" \/>\n<script type=\"application\/ld+json\" class=\"yoast-schema-graph\">{\"@context\":\"https:\/\/schema.org\",\"@graph\":[{\"@type\":\"WebPage\",\"@id\":\"https:\/\/www.nochef.org\/ca\/politica-de-cookies\/\",\"url\":\"https:\/\/www.nochef.org\/ca\/politica-de-cookies\/\",\"name\":\"Pol\u00edtica de cookies &#8212; NOChef - CIB\",\"isPartOf\":{\"@id\":\"https:\/\/nochef.org\/en\/#website\"},\"datePublished\":\"2024-09-27T09:45:51+00:00\",\"dateModified\":\"2024-10-04T08:36:24+00:00\",\"breadcrumb\":{\"@id\":\"https:\/\/www.nochef.org\/ca\/politica-de-cookies\/#breadcrumb\"},\"inLanguage\":\"ca\",\"potentialAction\":[{\"@type\":\"ReadAction\",\"target\":[\"https:\/\/www.nochef.org\/ca\/politica-de-cookies\/\"]}]},{\"@type\":\"BreadcrumbList\",\"@id\":\"https:\/\/www.nochef.org\/ca\/politica-de-cookies\/#breadcrumb\",\"itemListElement\":[{\"@type\":\"ListItem\",\"position\":1,\"name\":\"Portada\",\"item\":\"https:\/\/www.nochef.org\/ca\/\"},{\"@type\":\"ListItem\",\"position\":2,\"name\":\"Pol\u00edtica de cookies\"}]},{\"@type\":\"WebSite\",\"@id\":\"https:\/\/nochef.org\/en\/#website\",\"url\":\"https:\/\/nochef.org\/en\/\",\"name\":\"NO CHEF\",\"description\":\"\",\"publisher\":{\"@id\":\"https:\/\/nochef.org\/en\/#organization\"},\"alternateName\":\"NOCHEF - Culinary Institute of Barcelona\",\"potentialAction\":[{\"@type\":\"SearchAction\",\"target\":{\"@type\":\"EntryPoint\",\"urlTemplate\":\"https:\/\/nochef.org\/en\/?s={search_term_string}\"},\"query-input\":{\"@type\":\"PropertyValueSpecification\",\"valueRequired\":true,\"valueName\":\"search_term_string\"}}],\"inLanguage\":\"ca\"},{\"@type\":\"Organization\",\"@id\":\"https:\/\/nochef.org\/en\/#organization\",\"name\":\"ANIMIVIS S.L.\",\"alternateName\":\"ANIMIVIS S.L.\",\"url\":\"https:\/\/nochef.org\/en\/\",\"logo\":{\"@type\":\"ImageObject\",\"inLanguage\":\"ca\",\"@id\":\"https:\/\/nochef.org\/en\/#\/schema\/logo\/image\/\",\"url\":\"https:\/\/nochef.org\/custom\/uploads\/2024\/09\/CIB_logo_black_horizontal.png\",\"contentUrl\":\"https:\/\/nochef.org\/custom\/uploads\/2024\/09\/CIB_logo_black_horizontal.png\",\"width\":4884,\"height\":959,\"caption\":\"ANIMIVIS S.L.\"},\"image\":{\"@id\":\"https:\/\/nochef.org\/en\/#\/schema\/logo\/image\/\"},\"sameAs\":[\"https:\/\/www.facebook.com\/culinaryinstitutebarcelona\/\",\"https:\/\/www.instagram.com\/culinaryinstitutebarcelona\/\",\"https:\/\/www.linkedin.com\/school\/culinaryinstituteofbarcelona\/mycompany\/\",\"https:\/\/www.youtube.com\/channel\/UCVcHaWf_gl5OJt4gZ8-Q6fQ\"]}]}<\/script>\n<!-- \/ Yoast SEO plugin. -->","yoast_head_json":{"title":"Pol\u00edtica de cookies &#8212; NOChef - CIB","robots":{"index":"noindex","follow":"nofollow"},"og_locale":"ca_ES","og_type":"article","og_title":"Pol\u00edtica de cookies &#8212; NOChef - CIB","og_description":"Una galeta o cookie \u00e9s un fitxer que es descarrega al dispositiu des del qual vost\u00e8 consulta o vistita la nostra web (ordinador \/ smartphone \/ tablet) i es descarrega en el moment d&#8217;accedir a determinades p\u00e0gines web per a emmagatzemar i recuperar informaci\u00f3 sobre la navegaci\u00f3 que s&#8217;efectua des d&#8217;aquest equip. Hi ha diferents [&hellip;]","og_url":"https:\/\/www.nochef.org\/ca\/politica-de-cookies\/","og_site_name":"NOChef - CIB","article_publisher":"https:\/\/www.facebook.com\/culinaryinstitutebarcelona\/","article_modified_time":"2024-10-04T08:36:24+00:00","og_image":[{"width":1200,"height":675,"url":"https:\/\/nochef.org\/custom\/uploads\/2024\/10\/og-img_nochef.jpg","type":"image\/jpeg"}],"twitter_card":"summary_large_image","twitter_misc":{"Est. reading time":"6 minutes"},"schema":{"@context":"https:\/\/schema.org","@graph":[{"@type":"WebPage","@id":"https:\/\/www.nochef.org\/ca\/politica-de-cookies\/","url":"https:\/\/www.nochef.org\/ca\/politica-de-cookies\/","name":"Pol\u00edtica de cookies &#8212; NOChef - CIB","isPartOf":{"@id":"https:\/\/nochef.org\/en\/#website"},"datePublished":"2024-09-27T09:45:51+00:00","dateModified":"2024-10-04T08:36:24+00:00","breadcrumb":{"@id":"https:\/\/www.nochef.org\/ca\/politica-de-cookies\/#breadcrumb"},"inLanguage":"ca","potentialAction":[{"@type":"ReadAction","target":["https:\/\/www.nochef.org\/ca\/politica-de-cookies\/"]}]},{"@type":"BreadcrumbList","@id":"https:\/\/www.nochef.org\/ca\/politica-de-cookies\/#breadcrumb","itemListElement":[{"@type":"ListItem","position":1,"name":"Portada","item":"https:\/\/www.nochef.org\/ca\/"},{"@type":"ListItem","position":2,"name":"Pol\u00edtica de cookies"}]},{"@type":"WebSite","@id":"https:\/\/nochef.org\/en\/#website","url":"https:\/\/nochef.org\/en\/","name":"NO CHEF","description":"","publisher":{"@id":"https:\/\/nochef.org\/en\/#organization"},"alternateName":"NOCHEF - Culinary Institute of Barcelona","potentialAction":[{"@type":"SearchAction","target":{"@type":"EntryPoint","urlTemplate":"https:\/\/nochef.org\/en\/?s={search_term_string}"},"query-input":{"@type":"PropertyValueSpecification","valueRequired":true,"valueName":"search_term_string"}}],"inLanguage":"ca"},{"@type":"Organization","@id":"https:\/\/nochef.org\/en\/#organization","name":"ANIMIVIS S.L.","alternateName":"ANIMIVIS S.L.","url":"https:\/\/nochef.org\/en\/","logo":{"@type":"ImageObject","inLanguage":"ca","@id":"https:\/\/nochef.org\/en\/#\/schema\/logo\/image\/","url":"https:\/\/nochef.org\/custom\/uploads\/2024\/09\/CIB_logo_black_horizontal.png","contentUrl":"https:\/\/nochef.org\/custom\/uploads\/2024\/09\/CIB_logo_black_horizontal.png","width":4884,"height":959,"caption":"ANIMIVIS S.L."},"image":{"@id":"https:\/\/nochef.org\/en\/#\/schema\/logo\/image\/"},"sameAs":["https:\/\/www.facebook.com\/culinaryinstitutebarcelona\/","https:\/\/www.instagram.com\/culinaryinstitutebarcelona\/","https:\/\/www.linkedin.com\/school\/culinaryinstituteofbarcelona\/mycompany\/","https:\/\/www.youtube.com\/channel\/UCVcHaWf_gl5OJt4gZ8-Q6fQ"]}]}},"_links":{"self":[{"href":"https:\/\/nochef.org\/ca\/wp-json\/wp\/v2\/pages\/718","targetHints":{"allow":["GET"]}}],"collection":[{"href":"https:\/\/nochef.org\/ca\/wp-json\/wp\/v2\/pages"}],"about":[{"href":"https:\/\/nochef.org\/ca\/wp-json\/wp\/v2\/types\/page"}],"author":[{"embeddable":true,"href":"https:\/\/nochef.org\/ca\/wp-json\/wp\/v2\/users\/1"}],"replies":[{"embeddable":true,"href":"https:\/\/nochef.org\/ca\/wp-json\/wp\/v2\/comments?post=718"}],"version-history":[{"count":2,"href":"https:\/\/nochef.org\/ca\/wp-json\/wp\/v2\/pages\/718\/revisions"}],"predecessor-version":[{"id":737,"href":"https:\/\/nochef.org\/ca\/wp-json\/wp\/v2\/pages\/718\/revisions\/737"}],"wp:attachment":[{"href":"https:\/\/nochef.org\/ca\/wp-json\/wp\/v2\/media?parent=718"}],"curies":[{"name":"wp","href":"https:\/\/api.w.org\/{rel}","templated":true}]}}