{"id":720,"date":"2024-09-27T11:45:12","date_gmt":"2024-09-27T09:45:12","guid":{"rendered":"https:\/\/nochef.org\/politica-de-privacidad\/"},"modified":"2024-10-04T10:36:08","modified_gmt":"2024-10-04T08:36:08","slug":"politica-de-privacitat","status":"publish","type":"page","link":"https:\/\/nochef.org\/ca\/politica-de-privacitat\/","title":{"rendered":"Pol\u00edtica de Privacitat"},"content":{"rendered":"\r\n<section class=\"culinary__container module-3\">\r\n<div class=\"column-container center-content\">\r\n<article class=\"column column-10 column-10-tablet column-12-mobile\">\r\n<h2 class=\"wp-block-heading\">Pol\u00edtica de privacitat i de protecci\u00f3 de dades de car\u00e0cter personal<\/h2>\r\n<\/article>\r\n<\/div>\r\n<\/section>\r\n<section class=\"culinary__container module-textinfo\">\r\n<div class=\"column-container center-content\">\r\n<article class=\"column column-10 column-10-tablet column-12-mobile\">\r\n<p>Les dades proporcionades poden ser objecte de\u00a0<u>cessi\u00f3 a tercers<\/u>\u00a0amb l&#8217;\u00fanica finalitat de gestionar la petici\u00f3 realitzada per l&#8217;usuari i per al compliment de les nostres obligacions legals (gestoria, col\u00b7laboraci\u00f3 amb autoritats i Administracions P\u00fabliques, etc.), ANIMIVIS, S.L. li garanteix que els cessionaris de les dades tenen el mateix o superior nivell de seguretat per al tractament de les dades que el de ANIMIVIS, S.L. i que hi ha un contracte previ que regula la seguretat de la cessi\u00f3.<\/p>\r\n<p>ANIMIVIS SL l&#8217;informa expressament que no realitza transfer\u00e8ncies internacionals de dades.<\/p>\r\n<p>Procedirem a la\u00a0<u>cancel\u00b7laci\u00f3 i supressi\u00f3<\/u>\u00a0de les dades recollides quan deixin de ser necess\u00e0ries o pertinents per a la finalitat per a la qual haguessin estat recaptats, o quan vost\u00e8 com a usuari, aix\u00ed ens ho sol\u00b7liciti conforme al seu dret de cancel\u00b7laci\u00f3.<\/p>\r\n<p>Un cop\u00a0<u>vost\u00e8 sol\u00b7liciti la cancel\u00b7laci\u00f3 de les seves dades<\/u>\u00a0en exercici dels seus drets de protecci\u00f3 de dades o b\u00e9 les dades ja no siguin necess\u00e0ries o pertinents per a la finalitat per a la qual haguessin estat recaptats, o portin inactius durant un per\u00edode superior a un any, ANIMIVIS , SL els traslladar\u00e0 a un arxiu de naturalesa temporal i protegit amb sistemes inform\u00e0tics d&#8217;anonimitzaci\u00f3 i confidencialitat, la finalitat \u00e9s \u00fanicament conservar les dades sense tractar-los per complir les seves obligacions legals durant el temps que estigui establert en les diferents normatives a efectes de conservaci\u00f3 obligat\u00f2ria.<\/p>\r\n<p>Com a usuari i interessat, i en virtut del seu dret d&#8217;informaci\u00f3,\u00a0<b>en aquest apartat l&#8217;informem expressament que vost\u00e8 \u00e9s titular dels drets que s&#8217;indiquen a continuaci\u00f3, i els quals s\u00f3n respectats per ANIMIVIS<\/b>, SL en el tractament de les seves dades de car\u00e0cter personal:<\/p>\r\n<ul>\r\n<li><b>Dret d&#8217;acc\u00e9s<\/b>: En virtut del dret d&#8217;acc\u00e9s l&#8217;afectat podr\u00e0 obtenir del responsable del tractament informaci\u00f3 relativa a dades concretes, incloses en un determinat arxiu, o a la totalitat de les seves dades sotmeses a tractament. Aquest dret, constitueix el pilar dels drets que t\u00e9 l&#8217;afectat, ja que se li atorga un dret a con\u00e8ixer les dades sotmeses a tractament, i per tant, fer possible el seu poder de control sobre les dades, d&#8217;aquesta manera, l&#8217;interessat est\u00e0 facultat a con\u00e8ixer la informaci\u00f3 relativa a la seva persona que consti en bases de dades i arxius automatitzats o no.<\/li>\r\n<li><b>Dret de rectificaci\u00f3<\/b>: \u00e9s el dret de l&#8217;afectat a qu\u00e8 es modifiquin les dades que resultin ser inexactes o incompletes.<\/li>\r\n<li><b>Dret de cancel\u00b7laci\u00f3<\/b>: L&#8217;exercici del dret de cancel\u00b7laci\u00f3 donar\u00e0 lloc al fet que se suprimeixin les dades que siguin inadequades o excessives, sense perjudici del deure de bloqueig conforme al que preveu la normativa vigent.<\/li>\r\n<li><b>Dret d&#8217;oposici\u00f3<\/b>: \u00e9s el dret de l&#8217;afectat a qu\u00e8 no es dugui a terme el tractament de les seves dades de car\u00e0cter personal o se cessi en el mateix en els sup\u00f2sits que preveu la normativa vigent.<\/li>\r\n<li><b>Dret de transpar\u00e8ncia<\/b>: qualsevol tractament de dades personals ha de ser l\u00edcit i lleial. Per a les persones f\u00edsiques ha de quedar totalment clar que s&#8217;estan recollint, utilitzant, consultant o tractant d&#8217;una altra manera dades personals que els concerneixen, aix\u00ed com la mesura que aquestes dades s\u00f3n o seran tractats.<\/li>\r\n<li><b>Dret a l&#8217;oblit<\/b>: L&#8217;interessat tindr\u00e0 dret a obtenir sense dilaci\u00f3 indeguda del responsable del tractament la supressi\u00f3 de les dades personals que el concerneixin, el qual estar\u00e0 obligat a suprimir sense dilaci\u00f3 indeguda les dades personals quan es doni alguna de les circumst\u00e0ncies previstes a la normativa vigent.<\/li>\r\n<li><b>Dret a la limitaci\u00f3 del tractament<\/b>: L&#8217;interessat tindr\u00e0 dret a obtenir del responsable del tractament la limitaci\u00f3 del tractament de les dades quan es compleixin les condicions previstes a la normativa vigent.<\/li>\r\n<li><b>Dret a la portabilitat de les dades<\/b>: La persona interessada tindr\u00e0 dret a rebre les dades personals que li incumbeixin, que hagi facilitat a un responsable del tractament, en un format estructurat, d&#8217;\u00fas com\u00fa i lectura mec\u00e0nica, ja transmetre&#8217;ls a un altre responsable del tractament sense que ho impedeixi el responsable a qu\u00e8 se&#8217;ls hagu\u00e9s facilitat.<\/li>\r\n<\/ul>\r\n<p>Tots els drets anteriors, aix\u00ed com aquells que puguin sorgir d&#8217;acord amb la normativa vigent en protecci\u00f3 de dades, ja sigui a nivell nacional o de la Uni\u00f3 Europea, encara que no estiguin recollits en l&#8217;enumeraci\u00f3 anterior s\u00f3n respectats per ANIMIVIS, S.L.<\/p>\r\n<p>Aquests drets s&#8217;exercitaran:<\/p>\r\n<ul>\r\n<li>L&#8217;afectat, acreditant la seva identitat, de la manera que preveu l&#8217;apartat seg\u00fcent.<\/li>\r\n<li>Quan l&#8217;afectat es trobi en situaci\u00f3 d&#8217;incapacitat o minoria d&#8217;edat que l&#8217;impossibiliti l&#8217;exercici personal d&#8217;aquests drets, podran exercir el seu representant legal, en aquest cas ser\u00e0 necessari que acrediti aquesta condici\u00f3.<\/li>\r\n<li>Els drets tamb\u00e9 es poden exercir a trav\u00e9s de representant voluntari, expressament designat per a l&#8217;exercici del dret. En aquest cas, haur\u00e0 de constar clarament acreditada la identitat del representat, mitjan\u00e7ant l&#8217;aportaci\u00f3 de c\u00f2pia del seu document nacional d&#8217;identitat o document equivalent, i la representaci\u00f3 conferida per aquell.<\/li>\r\n<\/ul>\r\n<p>Les condicions generals per a l&#8217;exercici dels drets s\u00f3n:<\/p>\r\n<ul>\r\n<li>Els drets s\u00f3n drets independents, de manera que no es pot entendre que l&#8217;exercici de cap d&#8217;ells sigui requisit previ per a l&#8217;exercici d&#8217;un altre.<\/li>\r\n<li>L&#8217;exercici per l&#8217;afectat dels seus drets ser\u00e0 gratu\u00eft.<\/li>\r\n<\/ul>\r\n<p>L&#8217;exercici dels drets s&#8217;ha de portar a terme mitjan\u00e7ant la marcaci\u00f3 de la casella habilitada a l&#8217;afecte en cadascuna dels nostres correus electr\u00f2nics (newsletter) que t\u00e9 efectes autom\u00e0tics, o b\u00e9, si vost\u00e8 ho prefereix mitjan\u00e7ant comunicaci\u00f3 dirigida al responsable de l&#8217;arxiu, per correu postal a les nostres oficines situades a Barcelona, carrer Santander n\u00ba 49-51 o correu electr\u00f2nic a\u00a0hola@cib.education\u00a0.<\/p>\r\n<p>ANIMIVIS, SL informa expressament que s&#8217;han adoptat totes les mesures t\u00e8cniques i organitzatives necess\u00e0ries al nostre abast per garantir la seguretat i integritat de les dades, aix\u00ed com per evitar la seva alteraci\u00f3, p\u00e8rdua, tractament o acc\u00e9s no autoritzat.<\/p>\r\n<p>Les dades sol\u00b7licitades en el lloc web s\u00f3n obligatoris. La negativa a proporcionar les dades sol\u00b7licitades suposar\u00e0 la no prestaci\u00f3 o la impossibilitat d&#8217;accedir al servei per als que eren sol\u00b7licitats, at\u00e8s que si vost\u00e8 no proporciona els mateixos, ni tampoc el seu consentiment expr\u00e9s per al seu tractament, aquesta part no estaria complint amb les seves obligacions legals derivades de la normativa vigent de Protecci\u00f3 de Dades de Car\u00e0cter Personal.<\/p>\r\n<p>L&#8217;acc\u00e9s a aquest lloc web pot implicar la utilitzaci\u00f3 de cookies. Consulteu la nostra pol\u00edtica de cookies en el seg\u00fcent link\u00a0<a href=\"https:\/\/nochef.org\/ca\/politica-de-cookies\" target=\"_blank\" rel=\"noopener\">https:\/\/nochef.org\/ca\/politica-de-cookies<\/a><\/p>\r\n<\/article>\r\n<\/div>\r\n<\/section>\r\n","protected":false},"excerpt":{"rendered":"<p>Pol\u00edtica de privacitat i de protecci\u00f3 de dades de car\u00e0cter personal Les dades proporcionades poden ser objecte de\u00a0cessi\u00f3 a tercers\u00a0amb l&#8217;\u00fanica finalitat de gestionar la petici\u00f3 realitzada per l&#8217;usuari i per al compliment de les nostres obligacions legals (gestoria, col\u00b7laboraci\u00f3 amb autoritats i Administracions P\u00fabliques, etc.), ANIMIVIS, S.L. li garanteix que els cessionaris de les [&hellip;]<\/p>\n","protected":false},"author":1,"featured_media":0,"parent":0,"menu_order":0,"comment_status":"closed","ping_status":"closed","template":"","meta":{"_acf_changed":false,"footnotes":""},"class_list":["post-720","page","type-page","status-publish","hentry"],"acf":[],"yoast_head":"<!-- This site is optimized with the Yoast SEO plugin v27.0 - https:\/\/yoast.com\/product\/yoast-seo-wordpress\/ -->\n<title>Pol\u00edtica de Privacitat &#8212; NOChef - CIB<\/title>\n<meta name=\"robots\" content=\"noindex, nofollow\" \/>\n<meta property=\"og:locale\" content=\"ca_ES\" \/>\n<meta property=\"og:type\" content=\"article\" \/>\n<meta property=\"og:title\" content=\"Pol\u00edtica de Privacitat &#8212; NOChef - CIB\" \/>\n<meta property=\"og:description\" content=\"Pol\u00edtica de privacitat i de protecci\u00f3 de dades de car\u00e0cter personal Les dades proporcionades poden ser objecte de\u00a0cessi\u00f3 a tercers\u00a0amb l&#8217;\u00fanica finalitat de gestionar la petici\u00f3 realitzada per l&#8217;usuari i per al compliment de les nostres obligacions legals (gestoria, col\u00b7laboraci\u00f3 amb autoritats i Administracions P\u00fabliques, etc.), ANIMIVIS, S.L. li garanteix que els cessionaris de les [&hellip;]\" \/>\n<meta property=\"og:url\" content=\"https:\/\/www.nochef.org\/ca\/politica-de-privacitat\/\" \/>\n<meta property=\"og:site_name\" content=\"NOChef - CIB\" \/>\n<meta property=\"article:publisher\" content=\"https:\/\/www.facebook.com\/culinaryinstitutebarcelona\/\" \/>\n<meta property=\"article:modified_time\" content=\"2024-10-04T08:36:08+00:00\" \/>\n<meta property=\"og:image\" content=\"https:\/\/nochef.org\/custom\/uploads\/2024\/10\/og-img_nochef.jpg\" \/>\n\t<meta property=\"og:image:width\" content=\"1200\" \/>\n\t<meta property=\"og:image:height\" content=\"675\" \/>\n\t<meta property=\"og:image:type\" content=\"image\/jpeg\" \/>\n<meta name=\"twitter:card\" content=\"summary_large_image\" \/>\n<meta name=\"twitter:label1\" content=\"Est. reading time\" \/>\n\t<meta name=\"twitter:data1\" content=\"5 minutes\" \/>\n<script type=\"application\/ld+json\" class=\"yoast-schema-graph\">{\"@context\":\"https:\/\/schema.org\",\"@graph\":[{\"@type\":\"WebPage\",\"@id\":\"https:\/\/www.nochef.org\/ca\/politica-de-privacitat\/\",\"url\":\"https:\/\/www.nochef.org\/ca\/politica-de-privacitat\/\",\"name\":\"Pol\u00edtica de Privacitat &#8212; NOChef - CIB\",\"isPartOf\":{\"@id\":\"https:\/\/nochef.org\/en\/#website\"},\"datePublished\":\"2024-09-27T09:45:12+00:00\",\"dateModified\":\"2024-10-04T08:36:08+00:00\",\"breadcrumb\":{\"@id\":\"https:\/\/www.nochef.org\/ca\/politica-de-privacitat\/#breadcrumb\"},\"inLanguage\":\"ca\",\"potentialAction\":[{\"@type\":\"ReadAction\",\"target\":[\"https:\/\/www.nochef.org\/ca\/politica-de-privacitat\/\"]}]},{\"@type\":\"BreadcrumbList\",\"@id\":\"https:\/\/www.nochef.org\/ca\/politica-de-privacitat\/#breadcrumb\",\"itemListElement\":[{\"@type\":\"ListItem\",\"position\":1,\"name\":\"Portada\",\"item\":\"https:\/\/www.nochef.org\/ca\/\"},{\"@type\":\"ListItem\",\"position\":2,\"name\":\"Pol\u00edtica de Privacitat\"}]},{\"@type\":\"WebSite\",\"@id\":\"https:\/\/nochef.org\/en\/#website\",\"url\":\"https:\/\/nochef.org\/en\/\",\"name\":\"NO CHEF\",\"description\":\"\",\"publisher\":{\"@id\":\"https:\/\/nochef.org\/en\/#organization\"},\"alternateName\":\"NOCHEF - Culinary Institute of Barcelona\",\"potentialAction\":[{\"@type\":\"SearchAction\",\"target\":{\"@type\":\"EntryPoint\",\"urlTemplate\":\"https:\/\/nochef.org\/en\/?s={search_term_string}\"},\"query-input\":{\"@type\":\"PropertyValueSpecification\",\"valueRequired\":true,\"valueName\":\"search_term_string\"}}],\"inLanguage\":\"ca\"},{\"@type\":\"Organization\",\"@id\":\"https:\/\/nochef.org\/en\/#organization\",\"name\":\"ANIMIVIS S.L.\",\"alternateName\":\"ANIMIVIS S.L.\",\"url\":\"https:\/\/nochef.org\/en\/\",\"logo\":{\"@type\":\"ImageObject\",\"inLanguage\":\"ca\",\"@id\":\"https:\/\/nochef.org\/en\/#\/schema\/logo\/image\/\",\"url\":\"https:\/\/nochef.org\/custom\/uploads\/2024\/09\/CIB_logo_black_horizontal.png\",\"contentUrl\":\"https:\/\/nochef.org\/custom\/uploads\/2024\/09\/CIB_logo_black_horizontal.png\",\"width\":4884,\"height\":959,\"caption\":\"ANIMIVIS S.L.\"},\"image\":{\"@id\":\"https:\/\/nochef.org\/en\/#\/schema\/logo\/image\/\"},\"sameAs\":[\"https:\/\/www.facebook.com\/culinaryinstitutebarcelona\/\",\"https:\/\/www.instagram.com\/culinaryinstitutebarcelona\/\",\"https:\/\/www.linkedin.com\/school\/culinaryinstituteofbarcelona\/mycompany\/\",\"https:\/\/www.youtube.com\/channel\/UCVcHaWf_gl5OJt4gZ8-Q6fQ\"]}]}<\/script>\n<!-- \/ Yoast SEO plugin. -->","yoast_head_json":{"title":"Pol\u00edtica de Privacitat &#8212; NOChef - CIB","robots":{"index":"noindex","follow":"nofollow"},"og_locale":"ca_ES","og_type":"article","og_title":"Pol\u00edtica de Privacitat &#8212; NOChef - CIB","og_description":"Pol\u00edtica de privacitat i de protecci\u00f3 de dades de car\u00e0cter personal Les dades proporcionades poden ser objecte de\u00a0cessi\u00f3 a tercers\u00a0amb l&#8217;\u00fanica finalitat de gestionar la petici\u00f3 realitzada per l&#8217;usuari i per al compliment de les nostres obligacions legals (gestoria, col\u00b7laboraci\u00f3 amb autoritats i Administracions P\u00fabliques, etc.), ANIMIVIS, S.L. li garanteix que els cessionaris de les [&hellip;]","og_url":"https:\/\/www.nochef.org\/ca\/politica-de-privacitat\/","og_site_name":"NOChef - CIB","article_publisher":"https:\/\/www.facebook.com\/culinaryinstitutebarcelona\/","article_modified_time":"2024-10-04T08:36:08+00:00","og_image":[{"width":1200,"height":675,"url":"https:\/\/nochef.org\/custom\/uploads\/2024\/10\/og-img_nochef.jpg","type":"image\/jpeg"}],"twitter_card":"summary_large_image","twitter_misc":{"Est. reading time":"5 minutes"},"schema":{"@context":"https:\/\/schema.org","@graph":[{"@type":"WebPage","@id":"https:\/\/www.nochef.org\/ca\/politica-de-privacitat\/","url":"https:\/\/www.nochef.org\/ca\/politica-de-privacitat\/","name":"Pol\u00edtica de Privacitat &#8212; NOChef - CIB","isPartOf":{"@id":"https:\/\/nochef.org\/en\/#website"},"datePublished":"2024-09-27T09:45:12+00:00","dateModified":"2024-10-04T08:36:08+00:00","breadcrumb":{"@id":"https:\/\/www.nochef.org\/ca\/politica-de-privacitat\/#breadcrumb"},"inLanguage":"ca","potentialAction":[{"@type":"ReadAction","target":["https:\/\/www.nochef.org\/ca\/politica-de-privacitat\/"]}]},{"@type":"BreadcrumbList","@id":"https:\/\/www.nochef.org\/ca\/politica-de-privacitat\/#breadcrumb","itemListElement":[{"@type":"ListItem","position":1,"name":"Portada","item":"https:\/\/www.nochef.org\/ca\/"},{"@type":"ListItem","position":2,"name":"Pol\u00edtica de Privacitat"}]},{"@type":"WebSite","@id":"https:\/\/nochef.org\/en\/#website","url":"https:\/\/nochef.org\/en\/","name":"NO CHEF","description":"","publisher":{"@id":"https:\/\/nochef.org\/en\/#organization"},"alternateName":"NOCHEF - Culinary Institute of Barcelona","potentialAction":[{"@type":"SearchAction","target":{"@type":"EntryPoint","urlTemplate":"https:\/\/nochef.org\/en\/?s={search_term_string}"},"query-input":{"@type":"PropertyValueSpecification","valueRequired":true,"valueName":"search_term_string"}}],"inLanguage":"ca"},{"@type":"Organization","@id":"https:\/\/nochef.org\/en\/#organization","name":"ANIMIVIS S.L.","alternateName":"ANIMIVIS S.L.","url":"https:\/\/nochef.org\/en\/","logo":{"@type":"ImageObject","inLanguage":"ca","@id":"https:\/\/nochef.org\/en\/#\/schema\/logo\/image\/","url":"https:\/\/nochef.org\/custom\/uploads\/2024\/09\/CIB_logo_black_horizontal.png","contentUrl":"https:\/\/nochef.org\/custom\/uploads\/2024\/09\/CIB_logo_black_horizontal.png","width":4884,"height":959,"caption":"ANIMIVIS S.L."},"image":{"@id":"https:\/\/nochef.org\/en\/#\/schema\/logo\/image\/"},"sameAs":["https:\/\/www.facebook.com\/culinaryinstitutebarcelona\/","https:\/\/www.instagram.com\/culinaryinstitutebarcelona\/","https:\/\/www.linkedin.com\/school\/culinaryinstituteofbarcelona\/mycompany\/","https:\/\/www.youtube.com\/channel\/UCVcHaWf_gl5OJt4gZ8-Q6fQ"]}]}},"_links":{"self":[{"href":"https:\/\/nochef.org\/ca\/wp-json\/wp\/v2\/pages\/720","targetHints":{"allow":["GET"]}}],"collection":[{"href":"https:\/\/nochef.org\/ca\/wp-json\/wp\/v2\/pages"}],"about":[{"href":"https:\/\/nochef.org\/ca\/wp-json\/wp\/v2\/types\/page"}],"author":[{"embeddable":true,"href":"https:\/\/nochef.org\/ca\/wp-json\/wp\/v2\/users\/1"}],"replies":[{"embeddable":true,"href":"https:\/\/nochef.org\/ca\/wp-json\/wp\/v2\/comments?post=720"}],"version-history":[{"count":3,"href":"https:\/\/nochef.org\/ca\/wp-json\/wp\/v2\/pages\/720\/revisions"}],"predecessor-version":[{"id":739,"href":"https:\/\/nochef.org\/ca\/wp-json\/wp\/v2\/pages\/720\/revisions\/739"}],"wp:attachment":[{"href":"https:\/\/nochef.org\/ca\/wp-json\/wp\/v2\/media?parent=720"}],"curies":[{"name":"wp","href":"https:\/\/api.w.org\/{rel}","templated":true}]}}